{"id":30,"date":"2023-06-06T14:58:33","date_gmt":"2023-06-06T12:58:33","guid":{"rendered":"https:\/\/psychologue-hypnoeft.fr\/?page_id=30"},"modified":"2023-06-07T16:06:13","modified_gmt":"2023-06-07T14:06:13","slug":"lhypnotherapie","status":"publish","type":"page","link":"https:\/\/psychologue-hypnoeft.fr\/?page_id=30","title":{"rendered":"L&rsquo;hypnoth\u00e9rapie"},"content":{"rendered":"\n<h3 class=\"wp-block-heading\">Qu&rsquo;est-ce que l&rsquo;Hypnose Eriksonienne ?<\/h3>\n\n\n\n<p>L\u2019hypnose Eriksonienne permet de <strong>travailler avec l\u2019inconscient<\/strong> afin d\u2019effectuer des changements profonds et durables dans votre vie. Ce n\u2019est pas de l\u2019hypnose de spectacle, ni de la relaxation. A ce titre, vous n\u2019allez pas vous mettre \u00e0 faire des acrobaties et l\u2019objectif n\u2019est pas de vous apporter un \u00e9tat de d\u00e9tente m\u00eame si en travaillant sur vos difficult\u00e9s vous serez plus serein. Il s\u2019agit bien d\u2019une <strong>th\u00e9rapie qui utilise l\u2019hypnose comme outil<\/strong>.<\/p>\n\n\n\n<p>L\u2019\u00e9tat d\u2019hypnose est un <strong>\u00e9tat naturel<\/strong> dans lequel nous sommes r\u00e9guli\u00e8rement au cours de la journ\u00e9e. Nous l\u2019exp\u00e9rimentons, par exemple, lorsque nous conduisons notre voiture et que nous ne nous rendons pas compte de la distance parcourue. Il s\u2019agit donc de retrouver cet \u00e9tat, afin d\u2019\u0153uvrer \u00e0 des changements positifs.&nbsp;<\/p>\n\n\n\n<div style=\"height:40px\" aria-hidden=\"true\" class=\"wp-block-spacer\"><\/div>\n\n\n\n<h3 class=\"wp-block-heading\">Dans quel cas l&rsquo;utiliser ? <\/h3>\n\n\n<div class=\"wp-block-image\">\n<figure class=\"alignleft size-large is-resized\"><img decoding=\"async\" loading=\"lazy\" src=\"http:\/\/psychologue-hypnoeft.fr\/wp-content\/uploads\/2023\/06\/plant-g28c0f3807_1280-1024x682.jpg\" alt=\"\" class=\"wp-image-25\" width=\"378\" height=\"251\" srcset=\"https:\/\/psychologue-hypnoeft.fr\/wp-content\/uploads\/2023\/06\/plant-g28c0f3807_1280-1024x682.jpg 1024w, https:\/\/psychologue-hypnoeft.fr\/wp-content\/uploads\/2023\/06\/plant-g28c0f3807_1280-300x200.jpg 300w, https:\/\/psychologue-hypnoeft.fr\/wp-content\/uploads\/2023\/06\/plant-g28c0f3807_1280-768x512.jpg 768w, https:\/\/psychologue-hypnoeft.fr\/wp-content\/uploads\/2023\/06\/plant-g28c0f3807_1280.jpg 1280w\" sizes=\"(max-width: 378px) 100vw, 378px\" \/><\/figure><\/div>\n\n\n<p>L\u2019hypnoth\u00e9rapie est une approche qui s\u2019adresse \u00e0 <strong>toute personne en \u00e9tat de mal \u00eatre g\u00e9n\u00e9ral et\/ou avec des probl\u00e9matiques sp\u00e9cifiques<\/strong>&nbsp;:  phobies, troubles alimentaires, troubles du sommeil, troubles d\u2019ordre affectif, sexuel, difficult\u00e9s professionnelles, douleurs, maladies chroniques, troubles du comportement, manque d\u2019estime de soi, d\u00e9pression\u2026<\/p>\n\n\n\n<p>L\u2019hypnoth\u00e9rapie fonctionne \u00e9galement tr\u00e8s bien pour <strong>arr\u00eater de fumer<\/strong>. Il s\u2019agit d\u2019une s\u00e9ance sp\u00e9cifique d\u20191 heure, une seule s\u00e9ance suffit.<\/p>\n\n\n\n<p>Elle peut \u00e9galement s&rsquo;adresser aux <strong>femmes enceintes<\/strong> mais seulement dans le cadre d&rsquo;une pr\u00e9paration \u00e0 l&rsquo;accouchement ou d&rsquo;un arr\u00eat tabac. <\/p>\n\n\n\n<div style=\"height:20px\" aria-hidden=\"true\" class=\"wp-block-spacer\"><\/div>\n\n\n\n<p class=\"has-text-align-center\"><em><strong>L\u2019hypnoth\u00e9rapie ne se substitue pas \u00e0 un suivi m\u00e9dical.<\/strong><\/em> <em>Elle est d\u00e9conseill\u00e9e aux personnes souffrant de psychose.<\/em><\/p>\n\n\n\n<div class=\"wp-block-buttons is-content-justification-right is-layout-flex wp-container-1\">\n<div class=\"wp-block-button is-style-fill\"><a class=\"wp-block-button__link has-background wp-element-button\" href=\"https:\/\/psychologue-hypnoeft.fr\/?page_id=33\" style=\"border-radius:57px;background-color:#8d9c71\">Prendre RDV<\/a><\/div>\n<\/div>\n","protected":false},"excerpt":{"rendered":"<p>Qu&rsquo;est-ce que l&rsquo;Hypnose Eriksonienne ? L\u2019hypnose Eriksonienne permet de travailler avec l\u2019inconscient afin d\u2019effectuer des changements profonds et durables dans votre vie. Ce n\u2019est pas de l\u2019hypnose de spectacle, ni de la relaxation. A ce titre, vous n\u2019allez pas vous mettre \u00e0 faire des acrobaties et l\u2019objectif n\u2019est pas de vous apporter un \u00e9tat de <a class=\"read-more\" href=\"https:\/\/psychologue-hypnoeft.fr\/?page_id=30\">READ MORE<\/a><\/p>\n","protected":false},"author":1,"featured_media":0,"parent":0,"menu_order":0,"comment_status":"closed","ping_status":"closed","template":"","meta":[],"yoast_head":"<!-- This site is optimized with the Yoast SEO plugin v20.10 - https:\/\/yoast.com\/wordpress\/plugins\/seo\/ -->\n<title>L&#039;hypnoth\u00e9rapie - Psychologue, Hypnoth\u00e9rapeute et Th\u00e9rapeute \u00e9motionnelle (EFT) - Christelle Morel<\/title>\n<meta name=\"robots\" content=\"index, follow, max-snippet:-1, max-image-preview:large, max-video-preview:-1\" \/>\n<link rel=\"canonical\" href=\"https:\/\/psychologue-hypnoeft.fr\/?page_id=30\" \/>\n<meta property=\"og:locale\" content=\"fr_FR\" \/>\n<meta property=\"og:type\" content=\"article\" \/>\n<meta property=\"og:title\" content=\"L&#039;hypnoth\u00e9rapie - Psychologue, Hypnoth\u00e9rapeute et Th\u00e9rapeute \u00e9motionnelle (EFT) - Christelle Morel\" \/>\n<meta property=\"og:description\" content=\"Qu&rsquo;est-ce que l&rsquo;Hypnose Eriksonienne ? L\u2019hypnose Eriksonienne permet de travailler avec l\u2019inconscient afin d\u2019effectuer des changements profonds et durables dans votre vie. Ce n\u2019est pas de l\u2019hypnose de spectacle, ni de la relaxation. A ce titre, vous n\u2019allez pas vous mettre \u00e0 faire des acrobaties et l\u2019objectif n\u2019est pas de vous apporter un \u00e9tat de READ MORE\" \/>\n<meta property=\"og:url\" content=\"https:\/\/psychologue-hypnoeft.fr\/?page_id=30\" \/>\n<meta property=\"og:site_name\" content=\"Psychologue, Hypnoth\u00e9rapeute et Th\u00e9rapeute \u00e9motionnelle (EFT) - Christelle Morel\" \/>\n<meta property=\"article:modified_time\" content=\"2023-06-07T14:06:13+00:00\" \/>\n<meta property=\"og:image\" content=\"http:\/\/psychologue-hypnoeft.fr\/wp-content\/uploads\/2023\/06\/plant-g28c0f3807_1280-1024x682.jpg\" \/>\n<meta name=\"twitter:card\" content=\"summary_large_image\" \/>\n<meta name=\"twitter:label1\" content=\"Dur\u00e9e de lecture estim\u00e9e\" \/>\n\t<meta name=\"twitter:data1\" content=\"1 minute\" \/>\n<script type=\"application\/ld+json\" class=\"yoast-schema-graph\">{\"@context\":\"https:\/\/schema.org\",\"@graph\":[{\"@type\":\"WebPage\",\"@id\":\"https:\/\/psychologue-hypnoeft.fr\/?page_id=30\",\"url\":\"https:\/\/psychologue-hypnoeft.fr\/?page_id=30\",\"name\":\"L'hypnoth\u00e9rapie - Psychologue, Hypnoth\u00e9rapeute et Th\u00e9rapeute \u00e9motionnelle (EFT) - Christelle Morel\",\"isPartOf\":{\"@id\":\"https:\/\/psychologue-hypnoeft.fr\/#website\"},\"datePublished\":\"2023-06-06T12:58:33+00:00\",\"dateModified\":\"2023-06-07T14:06:13+00:00\",\"breadcrumb\":{\"@id\":\"https:\/\/psychologue-hypnoeft.fr\/?page_id=30#breadcrumb\"},\"inLanguage\":\"fr-FR\",\"potentialAction\":[{\"@type\":\"ReadAction\",\"target\":[\"https:\/\/psychologue-hypnoeft.fr\/?page_id=30\"]}]},{\"@type\":\"BreadcrumbList\",\"@id\":\"https:\/\/psychologue-hypnoeft.fr\/?page_id=30#breadcrumb\",\"itemListElement\":[{\"@type\":\"ListItem\",\"position\":1,\"name\":\"Accueil\",\"item\":\"https:\/\/psychologue-hypnoeft.fr\/\"},{\"@type\":\"ListItem\",\"position\":2,\"name\":\"L&rsquo;hypnoth\u00e9rapie\"}]},{\"@type\":\"WebSite\",\"@id\":\"https:\/\/psychologue-hypnoeft.fr\/#website\",\"url\":\"https:\/\/psychologue-hypnoeft.fr\/\",\"name\":\"Christelle Morel - Psychologue, Hypnoth\u00e9rapeute et Th\u00e9rapeute \u00e9motionnelle (EFT)\",\"description\":\"\",\"potentialAction\":[{\"@type\":\"SearchAction\",\"target\":{\"@type\":\"EntryPoint\",\"urlTemplate\":\"https:\/\/psychologue-hypnoeft.fr\/?s={search_term_string}\"},\"query-input\":\"required name=search_term_string\"}],\"inLanguage\":\"fr-FR\"}]}<\/script>\n<!-- \/ Yoast SEO plugin. -->","yoast_head_json":{"title":"L'hypnoth\u00e9rapie - Psychologue, Hypnoth\u00e9rapeute et Th\u00e9rapeute \u00e9motionnelle (EFT) - Christelle Morel","robots":{"index":"index","follow":"follow","max-snippet":"max-snippet:-1","max-image-preview":"max-image-preview:large","max-video-preview":"max-video-preview:-1"},"canonical":"https:\/\/psychologue-hypnoeft.fr\/?page_id=30","og_locale":"fr_FR","og_type":"article","og_title":"L'hypnoth\u00e9rapie - Psychologue, Hypnoth\u00e9rapeute et Th\u00e9rapeute \u00e9motionnelle (EFT) - Christelle Morel","og_description":"Qu&rsquo;est-ce que l&rsquo;Hypnose Eriksonienne ? L\u2019hypnose Eriksonienne permet de travailler avec l\u2019inconscient afin d\u2019effectuer des changements profonds et durables dans votre vie. Ce n\u2019est pas de l\u2019hypnose de spectacle, ni de la relaxation. A ce titre, vous n\u2019allez pas vous mettre \u00e0 faire des acrobaties et l\u2019objectif n\u2019est pas de vous apporter un \u00e9tat de READ MORE","og_url":"https:\/\/psychologue-hypnoeft.fr\/?page_id=30","og_site_name":"Psychologue, Hypnoth\u00e9rapeute et Th\u00e9rapeute \u00e9motionnelle (EFT) - Christelle Morel","article_modified_time":"2023-06-07T14:06:13+00:00","og_image":[{"url":"http:\/\/psychologue-hypnoeft.fr\/wp-content\/uploads\/2023\/06\/plant-g28c0f3807_1280-1024x682.jpg"}],"twitter_card":"summary_large_image","twitter_misc":{"Dur\u00e9e de lecture estim\u00e9e":"1 minute"},"schema":{"@context":"https:\/\/schema.org","@graph":[{"@type":"WebPage","@id":"https:\/\/psychologue-hypnoeft.fr\/?page_id=30","url":"https:\/\/psychologue-hypnoeft.fr\/?page_id=30","name":"L'hypnoth\u00e9rapie - Psychologue, Hypnoth\u00e9rapeute et Th\u00e9rapeute \u00e9motionnelle (EFT) - Christelle Morel","isPartOf":{"@id":"https:\/\/psychologue-hypnoeft.fr\/#website"},"datePublished":"2023-06-06T12:58:33+00:00","dateModified":"2023-06-07T14:06:13+00:00","breadcrumb":{"@id":"https:\/\/psychologue-hypnoeft.fr\/?page_id=30#breadcrumb"},"inLanguage":"fr-FR","potentialAction":[{"@type":"ReadAction","target":["https:\/\/psychologue-hypnoeft.fr\/?page_id=30"]}]},{"@type":"BreadcrumbList","@id":"https:\/\/psychologue-hypnoeft.fr\/?page_id=30#breadcrumb","itemListElement":[{"@type":"ListItem","position":1,"name":"Accueil","item":"https:\/\/psychologue-hypnoeft.fr\/"},{"@type":"ListItem","position":2,"name":"L&rsquo;hypnoth\u00e9rapie"}]},{"@type":"WebSite","@id":"https:\/\/psychologue-hypnoeft.fr\/#website","url":"https:\/\/psychologue-hypnoeft.fr\/","name":"Christelle Morel - Psychologue, Hypnoth\u00e9rapeute et Th\u00e9rapeute \u00e9motionnelle (EFT)","description":"","potentialAction":[{"@type":"SearchAction","target":{"@type":"EntryPoint","urlTemplate":"https:\/\/psychologue-hypnoeft.fr\/?s={search_term_string}"},"query-input":"required name=search_term_string"}],"inLanguage":"fr-FR"}]}},"_links":{"self":[{"href":"https:\/\/psychologue-hypnoeft.fr\/index.php?rest_route=\/wp\/v2\/pages\/30"}],"collection":[{"href":"https:\/\/psychologue-hypnoeft.fr\/index.php?rest_route=\/wp\/v2\/pages"}],"about":[{"href":"https:\/\/psychologue-hypnoeft.fr\/index.php?rest_route=\/wp\/v2\/types\/page"}],"author":[{"embeddable":true,"href":"https:\/\/psychologue-hypnoeft.fr\/index.php?rest_route=\/wp\/v2\/users\/1"}],"replies":[{"embeddable":true,"href":"https:\/\/psychologue-hypnoeft.fr\/index.php?rest_route=%2Fwp%2Fv2%2Fcomments&post=30"}],"version-history":[{"count":25,"href":"https:\/\/psychologue-hypnoeft.fr\/index.php?rest_route=\/wp\/v2\/pages\/30\/revisions"}],"predecessor-version":[{"id":318,"href":"https:\/\/psychologue-hypnoeft.fr\/index.php?rest_route=\/wp\/v2\/pages\/30\/revisions\/318"}],"wp:attachment":[{"href":"https:\/\/psychologue-hypnoeft.fr\/index.php?rest_route=%2Fwp%2Fv2%2Fmedia&parent=30"}],"curies":[{"name":"wp","href":"https:\/\/api.w.org\/{rel}","templated":true}]}}