{"id":32,"date":"2023-06-06T14:58:33","date_gmt":"2023-06-06T12:58:33","guid":{"rendered":"https:\/\/psychologue-hypnoeft.fr\/?page_id=32"},"modified":"2026-04-08T09:52:08","modified_gmt":"2026-04-08T07:52:08","slug":"consultations","status":"publish","type":"page","link":"https:\/\/psychologue-hypnoeft.fr\/?page_id=32","title":{"rendered":"Tarifs"},"content":{"rendered":"<div class=\"wp-block-image\">\n<figure class=\"alignright size-large is-resized\"><img decoding=\"async\" loading=\"lazy\" src=\"https:\/\/psychologue-hypnoeft.fr\/wp-content\/uploads\/2023\/06\/sincerely-media-4PMVNJeI3XU-unsplash-768x1024.jpg\" alt=\"\" class=\"wp-image-280\" width=\"255\" height=\"340\" srcset=\"https:\/\/psychologue-hypnoeft.fr\/wp-content\/uploads\/2023\/06\/sincerely-media-4PMVNJeI3XU-unsplash-768x1024.jpg 768w, https:\/\/psychologue-hypnoeft.fr\/wp-content\/uploads\/2023\/06\/sincerely-media-4PMVNJeI3XU-unsplash-225x300.jpg 225w, https:\/\/psychologue-hypnoeft.fr\/wp-content\/uploads\/2023\/06\/sincerely-media-4PMVNJeI3XU-unsplash-1152x1536.jpg 1152w, https:\/\/psychologue-hypnoeft.fr\/wp-content\/uploads\/2023\/06\/sincerely-media-4PMVNJeI3XU-unsplash-1536x2048.jpg 1536w, https:\/\/psychologue-hypnoeft.fr\/wp-content\/uploads\/2023\/06\/sincerely-media-4PMVNJeI3XU-unsplash-scaled.jpg 1920w\" sizes=\"(max-width: 255px) 100vw, 255px\" \/><\/figure><\/div>\n\n\n<p>Consultation de psychoth\u00e9rapie (1h)\u2026\u2026\u2026\u2026\u2026\u2026\u2026\u2026\u2026\u2026\u2026\u2026\u2026\u2026\u2026&#8230;&#8230;&#8230;&#8230;&#8230;&#8230;&#8230;&#8230;&#8230;&#8230;&#8230;&#8230;.\u202670\u20ac<\/p>\n\n\n\n<p>Consultation en th\u00e9rapie \u00e9motionnelle EFT  (1h) &#8230;&#8230;&#8230;&#8230;&#8230;&#8230;&#8230;&#8230;&#8230;&#8230;&#8230;&#8230;&#8230;&#8230;&#8230;&#8230;&#8230;&#8230;&#8230;&#8230;&#8230;..70\u20ac                      <\/p>\n\n\n\n<p>Consultation en hypnoth\u00e9rapie (1h) \u2026\u2026\u2026\u2026\u2026\u2026\u2026&#8230;&#8230;\u2026\u2026\u2026\u2026\u2026&#8230;&#8230;&#8230;&#8230;&#8230;&#8230;&#8230;&#8230;&#8230;&#8230;&#8230;&#8230;&#8230;..\u202670\u20ac<\/p>\n\n\n\n<p>S\u00e9ance d\u2019hypnose sp\u00e9cifique arr\u00eat du tabac (1h)&#8230;&#8230;&#8230;&#8230;&#8230;&#8230;&#8230;&#8230;&#8230;&#8230;&#8230;&#8230;&#8230;&#8230;&#8230;&#8230;&#8230;&#8230;&#8230;&#8230;&#8230;.. 90\u20ac<\/p>\n\n\n\n<p class=\"has-small-font-size\">(\u00e0 noter que pour la s\u00e9ance arr\u00eat du tabac, une seule s\u00e9ance suffit, si besoin de s\u00e9ances suppl\u00e9mentaires, s\u00e9ances au tarif de 70\u20ac)<\/p>\n\n\n\n<p>_______________________<\/p>\n\n\n\n<p>Paiement en <strong>ch\u00e8que<\/strong> ou <strong>esp\u00e8ces<\/strong> \u00e0 la fin de chaque s\u00e9ance. <\/p>\n\n\n\n<p><strong>Je ne fais pas partie du dispositif Monsoutienpsy<\/strong>, <strong>carte vitale non accept\u00e9e<\/strong>. Pour plus d&rsquo;informations, <a href=\"https:\/\/psychologues.org\/wp-content\/uploads\/2025\/06\/2025-Affiche-MSP-A2.pdf\" target=\"_blank\" rel=\"noreferrer noopener\">cliquer Ici<\/a>. Certaines mutuelles prennent en charge plusieurs s\u00e9ances par an d&rsquo;hypnoth\u00e9rapie ou de psychoth\u00e9rapie. Renseignez-vous aupr\u00e8s de votre mutuelle.<\/p>\n\n\n\n<div style=\"height:2px\" aria-hidden=\"true\" class=\"wp-block-spacer\"><\/div>\n\n\n\n<hr class=\"wp-block-separator has-alpha-channel-opacity\"\/>\n\n\n\n<div class=\"wp-block-group is-layout-constrained\"><div class=\"wp-block-group__inner-container\">\n<div class=\"wp-block-group is-style-plain is-layout-flow\"><div class=\"wp-block-group__inner-container\">\n<div class=\"wp-block-group is-layout-constrained\"><div class=\"wp-block-group__inner-container\">\n<p class=\"has-text-align-center\"><em>Pour le respect de tous, en prenant rendez-vous, le patient s\u2019engage \u00e0 \u00eatre pr\u00e9sent, \u00e0 l\u2019heure, le jour de la s\u00e9ance ou \u00e0 annuler le rendez-vous en cas de changement <strong>au moins 48h \u00e0 l\u2019avance<\/strong>.<\/em><\/p>\n<\/div><\/div>\n<\/div><\/div>\n<\/div><\/div>\n\n\n\n<div class=\"wp-block-buttons is-content-justification-right is-layout-flex wp-container-4\">\n<div class=\"wp-block-button is-style-fill\"><a class=\"wp-block-button__link has-background wp-element-button\" href=\"https:\/\/psychologue-hypnoeft.fr\/?page_id=33\" style=\"border-radius:57px;background-color:#8d9c71\">Prendre RDV<\/a><\/div>\n<\/div>\n","protected":false},"excerpt":{"rendered":"<p>Consultation de psychoth\u00e9rapie (1h)\u2026\u2026\u2026\u2026\u2026\u2026\u2026\u2026\u2026\u2026\u2026\u2026\u2026\u2026\u2026&#8230;&#8230;&#8230;&#8230;&#8230;&#8230;&#8230;&#8230;&#8230;&#8230;&#8230;&#8230;.\u202670\u20ac Consultation en th\u00e9rapie \u00e9motionnelle EFT (1h) &#8230;&#8230;&#8230;&#8230;&#8230;&#8230;&#8230;&#8230;&#8230;&#8230;&#8230;&#8230;&#8230;&#8230;&#8230;&#8230;&#8230;&#8230;&#8230;&#8230;&#8230;..70\u20ac Consultation en hypnoth\u00e9rapie (1h) \u2026\u2026\u2026\u2026\u2026\u2026\u2026&#8230;&#8230;\u2026\u2026\u2026\u2026\u2026&#8230;&#8230;&#8230;&#8230;&#8230;&#8230;&#8230;&#8230;&#8230;&#8230;&#8230;&#8230;&#8230;..\u202670\u20ac S\u00e9ance d\u2019hypnose sp\u00e9cifique arr\u00eat du tabac (1h)&#8230;&#8230;&#8230;&#8230;&#8230;&#8230;&#8230;&#8230;&#8230;&#8230;&#8230;&#8230;&#8230;&#8230;&#8230;&#8230;&#8230;&#8230;&#8230;&#8230;&#8230;.. 90\u20ac (\u00e0 noter que pour la s\u00e9ance arr\u00eat du tabac, une seule s\u00e9ance suffit, si besoin de s\u00e9ances suppl\u00e9mentaires, s\u00e9ances au tarif de 70\u20ac) _______________________ Paiement en ch\u00e8que ou esp\u00e8ces \u00e0 la <a class=\"read-more\" href=\"https:\/\/psychologue-hypnoeft.fr\/?page_id=32\">READ MORE<\/a><\/p>\n","protected":false},"author":1,"featured_media":0,"parent":0,"menu_order":0,"comment_status":"closed","ping_status":"closed","template":"","meta":[],"yoast_head":"<!-- This site is optimized with the Yoast SEO plugin v20.10 - https:\/\/yoast.com\/wordpress\/plugins\/seo\/ -->\n<title>Tarifs - Psychologue, Hypnoth\u00e9rapeute et Th\u00e9rapeute \u00e9motionnelle (EFT) - Christelle Morel<\/title>\n<meta name=\"robots\" content=\"index, follow, max-snippet:-1, max-image-preview:large, max-video-preview:-1\" \/>\n<link rel=\"canonical\" href=\"https:\/\/psychologue-hypnoeft.fr\/?page_id=32\" \/>\n<meta property=\"og:locale\" content=\"fr_FR\" \/>\n<meta property=\"og:type\" content=\"article\" \/>\n<meta property=\"og:title\" content=\"Tarifs - Psychologue, Hypnoth\u00e9rapeute et Th\u00e9rapeute \u00e9motionnelle (EFT) - Christelle Morel\" \/>\n<meta property=\"og:description\" content=\"Consultation de psychoth\u00e9rapie (1h)\u2026\u2026\u2026\u2026\u2026\u2026\u2026\u2026\u2026\u2026\u2026\u2026\u2026\u2026\u2026&#8230;&#8230;&#8230;&#8230;&#8230;&#8230;&#8230;&#8230;&#8230;&#8230;&#8230;&#8230;.\u202670\u20ac Consultation en th\u00e9rapie \u00e9motionnelle EFT (1h) &#8230;&#8230;&#8230;&#8230;&#8230;&#8230;&#8230;&#8230;&#8230;&#8230;&#8230;&#8230;&#8230;&#8230;&#8230;&#8230;&#8230;&#8230;&#8230;&#8230;&#8230;..70\u20ac Consultation en hypnoth\u00e9rapie (1h) \u2026\u2026\u2026\u2026\u2026\u2026\u2026&#8230;&#8230;\u2026\u2026\u2026\u2026\u2026&#8230;&#8230;&#8230;&#8230;&#8230;&#8230;&#8230;&#8230;&#8230;&#8230;&#8230;&#8230;&#8230;..\u202670\u20ac S\u00e9ance d\u2019hypnose sp\u00e9cifique arr\u00eat du tabac (1h)&#8230;&#8230;&#8230;&#8230;&#8230;&#8230;&#8230;&#8230;&#8230;&#8230;&#8230;&#8230;&#8230;&#8230;&#8230;&#8230;&#8230;&#8230;&#8230;&#8230;&#8230;.. 90\u20ac (\u00e0 noter que pour la s\u00e9ance arr\u00eat du tabac, une seule s\u00e9ance suffit, si besoin de s\u00e9ances suppl\u00e9mentaires, s\u00e9ances au tarif de 70\u20ac) _______________________ Paiement en ch\u00e8que ou esp\u00e8ces \u00e0 la READ MORE\" \/>\n<meta property=\"og:url\" content=\"https:\/\/psychologue-hypnoeft.fr\/?page_id=32\" \/>\n<meta property=\"og:site_name\" content=\"Psychologue, Hypnoth\u00e9rapeute et Th\u00e9rapeute \u00e9motionnelle (EFT) - Christelle Morel\" \/>\n<meta property=\"article:modified_time\" content=\"2026-04-08T07:52:08+00:00\" \/>\n<meta property=\"og:image\" content=\"https:\/\/psychologue-hypnoeft.fr\/wp-content\/uploads\/2023\/06\/sincerely-media-4PMVNJeI3XU-unsplash-768x1024.jpg\" \/>\n<meta name=\"twitter:card\" content=\"summary_large_image\" \/>\n<meta name=\"twitter:label1\" content=\"Dur\u00e9e de lecture estim\u00e9e\" \/>\n\t<meta name=\"twitter:data1\" content=\"1 minute\" \/>\n<script type=\"application\/ld+json\" class=\"yoast-schema-graph\">{\"@context\":\"https:\/\/schema.org\",\"@graph\":[{\"@type\":\"WebPage\",\"@id\":\"https:\/\/psychologue-hypnoeft.fr\/?page_id=32\",\"url\":\"https:\/\/psychologue-hypnoeft.fr\/?page_id=32\",\"name\":\"Tarifs - Psychologue, Hypnoth\u00e9rapeute et Th\u00e9rapeute \u00e9motionnelle (EFT) - Christelle Morel\",\"isPartOf\":{\"@id\":\"https:\/\/psychologue-hypnoeft.fr\/#website\"},\"datePublished\":\"2023-06-06T12:58:33+00:00\",\"dateModified\":\"2026-04-08T07:52:08+00:00\",\"breadcrumb\":{\"@id\":\"https:\/\/psychologue-hypnoeft.fr\/?page_id=32#breadcrumb\"},\"inLanguage\":\"fr-FR\",\"potentialAction\":[{\"@type\":\"ReadAction\",\"target\":[\"https:\/\/psychologue-hypnoeft.fr\/?page_id=32\"]}]},{\"@type\":\"BreadcrumbList\",\"@id\":\"https:\/\/psychologue-hypnoeft.fr\/?page_id=32#breadcrumb\",\"itemListElement\":[{\"@type\":\"ListItem\",\"position\":1,\"name\":\"Accueil\",\"item\":\"https:\/\/psychologue-hypnoeft.fr\/\"},{\"@type\":\"ListItem\",\"position\":2,\"name\":\"Tarifs\"}]},{\"@type\":\"WebSite\",\"@id\":\"https:\/\/psychologue-hypnoeft.fr\/#website\",\"url\":\"https:\/\/psychologue-hypnoeft.fr\/\",\"name\":\"Christelle Morel - Psychologue, Hypnoth\u00e9rapeute et Th\u00e9rapeute \u00e9motionnelle (EFT)\",\"description\":\"\",\"potentialAction\":[{\"@type\":\"SearchAction\",\"target\":{\"@type\":\"EntryPoint\",\"urlTemplate\":\"https:\/\/psychologue-hypnoeft.fr\/?s={search_term_string}\"},\"query-input\":\"required name=search_term_string\"}],\"inLanguage\":\"fr-FR\"}]}<\/script>\n<!-- \/ Yoast SEO plugin. -->","yoast_head_json":{"title":"Tarifs - Psychologue, Hypnoth\u00e9rapeute et Th\u00e9rapeute \u00e9motionnelle (EFT) - Christelle Morel","robots":{"index":"index","follow":"follow","max-snippet":"max-snippet:-1","max-image-preview":"max-image-preview:large","max-video-preview":"max-video-preview:-1"},"canonical":"https:\/\/psychologue-hypnoeft.fr\/?page_id=32","og_locale":"fr_FR","og_type":"article","og_title":"Tarifs - Psychologue, Hypnoth\u00e9rapeute et Th\u00e9rapeute \u00e9motionnelle (EFT) - Christelle Morel","og_description":"Consultation de psychoth\u00e9rapie (1h)\u2026\u2026\u2026\u2026\u2026\u2026\u2026\u2026\u2026\u2026\u2026\u2026\u2026\u2026\u2026&#8230;&#8230;&#8230;&#8230;&#8230;&#8230;&#8230;&#8230;&#8230;&#8230;&#8230;&#8230;.\u202670\u20ac Consultation en th\u00e9rapie \u00e9motionnelle EFT (1h) &#8230;&#8230;&#8230;&#8230;&#8230;&#8230;&#8230;&#8230;&#8230;&#8230;&#8230;&#8230;&#8230;&#8230;&#8230;&#8230;&#8230;&#8230;&#8230;&#8230;&#8230;..70\u20ac Consultation en hypnoth\u00e9rapie (1h) \u2026\u2026\u2026\u2026\u2026\u2026\u2026&#8230;&#8230;\u2026\u2026\u2026\u2026\u2026&#8230;&#8230;&#8230;&#8230;&#8230;&#8230;&#8230;&#8230;&#8230;&#8230;&#8230;&#8230;&#8230;..\u202670\u20ac S\u00e9ance d\u2019hypnose sp\u00e9cifique arr\u00eat du tabac (1h)&#8230;&#8230;&#8230;&#8230;&#8230;&#8230;&#8230;&#8230;&#8230;&#8230;&#8230;&#8230;&#8230;&#8230;&#8230;&#8230;&#8230;&#8230;&#8230;&#8230;&#8230;.. 90\u20ac (\u00e0 noter que pour la s\u00e9ance arr\u00eat du tabac, une seule s\u00e9ance suffit, si besoin de s\u00e9ances suppl\u00e9mentaires, s\u00e9ances au tarif de 70\u20ac) _______________________ Paiement en ch\u00e8que ou esp\u00e8ces \u00e0 la READ MORE","og_url":"https:\/\/psychologue-hypnoeft.fr\/?page_id=32","og_site_name":"Psychologue, Hypnoth\u00e9rapeute et Th\u00e9rapeute \u00e9motionnelle (EFT) - Christelle Morel","article_modified_time":"2026-04-08T07:52:08+00:00","og_image":[{"url":"https:\/\/psychologue-hypnoeft.fr\/wp-content\/uploads\/2023\/06\/sincerely-media-4PMVNJeI3XU-unsplash-768x1024.jpg"}],"twitter_card":"summary_large_image","twitter_misc":{"Dur\u00e9e de lecture estim\u00e9e":"1 minute"},"schema":{"@context":"https:\/\/schema.org","@graph":[{"@type":"WebPage","@id":"https:\/\/psychologue-hypnoeft.fr\/?page_id=32","url":"https:\/\/psychologue-hypnoeft.fr\/?page_id=32","name":"Tarifs - Psychologue, Hypnoth\u00e9rapeute et Th\u00e9rapeute \u00e9motionnelle (EFT) - Christelle Morel","isPartOf":{"@id":"https:\/\/psychologue-hypnoeft.fr\/#website"},"datePublished":"2023-06-06T12:58:33+00:00","dateModified":"2026-04-08T07:52:08+00:00","breadcrumb":{"@id":"https:\/\/psychologue-hypnoeft.fr\/?page_id=32#breadcrumb"},"inLanguage":"fr-FR","potentialAction":[{"@type":"ReadAction","target":["https:\/\/psychologue-hypnoeft.fr\/?page_id=32"]}]},{"@type":"BreadcrumbList","@id":"https:\/\/psychologue-hypnoeft.fr\/?page_id=32#breadcrumb","itemListElement":[{"@type":"ListItem","position":1,"name":"Accueil","item":"https:\/\/psychologue-hypnoeft.fr\/"},{"@type":"ListItem","position":2,"name":"Tarifs"}]},{"@type":"WebSite","@id":"https:\/\/psychologue-hypnoeft.fr\/#website","url":"https:\/\/psychologue-hypnoeft.fr\/","name":"Christelle Morel - Psychologue, Hypnoth\u00e9rapeute et Th\u00e9rapeute \u00e9motionnelle (EFT)","description":"","potentialAction":[{"@type":"SearchAction","target":{"@type":"EntryPoint","urlTemplate":"https:\/\/psychologue-hypnoeft.fr\/?s={search_term_string}"},"query-input":"required name=search_term_string"}],"inLanguage":"fr-FR"}]}},"_links":{"self":[{"href":"https:\/\/psychologue-hypnoeft.fr\/index.php?rest_route=\/wp\/v2\/pages\/32"}],"collection":[{"href":"https:\/\/psychologue-hypnoeft.fr\/index.php?rest_route=\/wp\/v2\/pages"}],"about":[{"href":"https:\/\/psychologue-hypnoeft.fr\/index.php?rest_route=\/wp\/v2\/types\/page"}],"author":[{"embeddable":true,"href":"https:\/\/psychologue-hypnoeft.fr\/index.php?rest_route=\/wp\/v2\/users\/1"}],"replies":[{"embeddable":true,"href":"https:\/\/psychologue-hypnoeft.fr\/index.php?rest_route=%2Fwp%2Fv2%2Fcomments&post=32"}],"version-history":[{"count":30,"href":"https:\/\/psychologue-hypnoeft.fr\/index.php?rest_route=\/wp\/v2\/pages\/32\/revisions"}],"predecessor-version":[{"id":448,"href":"https:\/\/psychologue-hypnoeft.fr\/index.php?rest_route=\/wp\/v2\/pages\/32\/revisions\/448"}],"wp:attachment":[{"href":"https:\/\/psychologue-hypnoeft.fr\/index.php?rest_route=%2Fwp%2Fv2%2Fmedia&parent=32"}],"curies":[{"name":"wp","href":"https:\/\/api.w.org\/{rel}","templated":true}]}}