{"id":33,"date":"2023-06-06T14:58:33","date_gmt":"2023-06-06T12:58:33","guid":{"rendered":"https:\/\/psychologue-hypnoeft.fr\/?page_id=33"},"modified":"2023-09-27T09:25:57","modified_gmt":"2023-09-27T07:25:57","slug":"contact","status":"publish","type":"page","link":"https:\/\/psychologue-hypnoeft.fr\/?page_id=33","title":{"rendered":"Contact"},"content":{"rendered":"\n<div class=\"wp-block-columns is-layout-flex wp-container-3\">\n<div class=\"wp-block-column is-vertically-aligned-center is-layout-flow\" style=\"flex-basis:33.33%\">\n<h1 class=\"wp-block-heading has-black-color has-text-color\">Acc\u00e8s<\/h1>\n\n\n\n<div style=\"height:30px\" aria-hidden=\"true\" class=\"wp-block-spacer\"><\/div>\n\n\n<div class=\"wp-block-image\">\n<figure class=\"alignleft size-full is-resized\"><img decoding=\"async\" loading=\"lazy\" src=\"https:\/\/psychologue-hypnoeft.fr\/wp-content\/uploads\/2023\/06\/kisspng-computer-icons-symbol-encapsulated-postscript-landmarks-5ac04f55b8cf20.562169081522552661757.png\" alt=\"\" class=\"wp-image-204\" width=\"20\" height=\"25\" srcset=\"https:\/\/psychologue-hypnoeft.fr\/wp-content\/uploads\/2023\/06\/kisspng-computer-icons-symbol-encapsulated-postscript-landmarks-5ac04f55b8cf20.562169081522552661757.png 770w, https:\/\/psychologue-hypnoeft.fr\/wp-content\/uploads\/2023\/06\/kisspng-computer-icons-symbol-encapsulated-postscript-landmarks-5ac04f55b8cf20.562169081522552661757-236x300.png 236w, https:\/\/psychologue-hypnoeft.fr\/wp-content\/uploads\/2023\/06\/kisspng-computer-icons-symbol-encapsulated-postscript-landmarks-5ac04f55b8cf20.562169081522552661757-768x977.png 768w\" sizes=\"(max-width: 20px) 100vw, 20px\" \/><\/figure><\/div>\n\n\n<p class=\"has-text-align-center has-medium-font-size\">37 rue de Kerolay, 56100 Lorient<\/p>\n\n\n\n<div style=\"height:30px\" aria-hidden=\"true\" class=\"wp-block-spacer\"><\/div>\n\n\n\n<p class=\"has-medium-font-size\">Le cabinet est accessible aux personnes \u00e0 mobilit\u00e9 r\u00e9duite<\/p>\n<\/div>\n\n\n\n<div class=\"wp-block-column is-layout-flow\" style=\"flex-basis:66.66%\">\n<p><\/p>\n\n\n\n<iframe src=\"https:\/\/www.google.com\/maps\/embed?pb=!1m18!1m12!1m3!1d3062.8170414534648!2d-3.3715628721309554!3d47.73844575074649!2m3!1f0!2f0!3f0!3m2!1i1024!2i768!4f13.1!3m3!1m2!1s0x48105fb499d6e7eb%3A0x16c37c82172f2516!2s37%20Rue%20de%20Kerolay%2C%2056100%20Lorient!5e0!3m2!1sfr!2sfr!4v1686147613763!5m2!1sfr!2sfr\" width=\"600\" height=\"450\" style=\"border:0;\" allowfullscreen=\"\" loading=\"lazy\" referrerpolicy=\"no-referrer-when-downgrade\"><\/iframe>\n<\/div>\n<\/div>\n\n\n\n<div style=\"height:18px\" aria-hidden=\"true\" class=\"wp-block-spacer\"><\/div>\n\n\n\n<div class=\"wp-block-columns is-layout-flex wp-container-6\">\n<div class=\"wp-block-column is-layout-flow\" style=\"flex-basis:66.66%\">\n<iframe src=\"https:\/\/www.google.com\/maps\/embed?pb=!4v1687940931144!6m8!1m7!1sEj1zGnMjdTTDn8MJEWnWUg!2m2!1d47.73845864501992!2d-3.37131819081889!3f237.47977546722328!4f-11.16977074757662!5f0.7820865974627469\" width=\"600\" height=\"450\" style=\"border:0;\" allowfullscreen=\"\" loading=\"lazy\" referrerpolicy=\"no-referrer-when-downgrade\"><\/iframe>\n<\/div>\n\n\n\n<div class=\"wp-block-column is-layout-flow\" style=\"flex-basis:33.33%\">\n<div style=\"height:74px\" aria-hidden=\"true\" class=\"wp-block-spacer\"><\/div>\n\n\n\n<h1 class=\"wp-block-heading\">Prendre rendez-vous<\/h1>\n\n\n<div class=\"wp-block-image\">\n<figure class=\"alignleft size-full is-resized\"><img decoding=\"async\" loading=\"lazy\" src=\"https:\/\/psychologue-hypnoeft.fr\/wp-content\/uploads\/2023\/09\/smartphone-gd4cc7a43b_1280-1.png\" alt=\"\" class=\"wp-image-420\" width=\"29\" height=\"33\" srcset=\"https:\/\/psychologue-hypnoeft.fr\/wp-content\/uploads\/2023\/09\/smartphone-gd4cc7a43b_1280-1.png 759w, https:\/\/psychologue-hypnoeft.fr\/wp-content\/uploads\/2023\/09\/smartphone-gd4cc7a43b_1280-1-261x300.png 261w\" sizes=\"(max-width: 29px) 100vw, 29px\" \/><\/figure><\/div>\n\n\n<p class=\"has-medium-font-size\">07.80.87.60.63. (par t\u00e9l\u00e9phone ou SMS)<\/p>\n\n\n<div class=\"wp-block-image\">\n<figure class=\"alignleft size-large is-resized\"><img decoding=\"async\" loading=\"lazy\" src=\"https:\/\/psychologue-hypnoeft.fr\/wp-content\/uploads\/2023\/06\/kisspng-amnesty-international-usa-email-computer-icons-mes-email-icon-5ad183021a0de5.2971523315236800021067-1024x1024.png\" alt=\"\" class=\"wp-image-197\" width=\"26\" height=\"26\" srcset=\"https:\/\/psychologue-hypnoeft.fr\/wp-content\/uploads\/2023\/06\/kisspng-amnesty-international-usa-email-computer-icons-mes-email-icon-5ad183021a0de5.2971523315236800021067-1024x1024.png 1024w, https:\/\/psychologue-hypnoeft.fr\/wp-content\/uploads\/2023\/06\/kisspng-amnesty-international-usa-email-computer-icons-mes-email-icon-5ad183021a0de5.2971523315236800021067-300x300.png 300w, https:\/\/psychologue-hypnoeft.fr\/wp-content\/uploads\/2023\/06\/kisspng-amnesty-international-usa-email-computer-icons-mes-email-icon-5ad183021a0de5.2971523315236800021067-150x150.png 150w, https:\/\/psychologue-hypnoeft.fr\/wp-content\/uploads\/2023\/06\/kisspng-amnesty-international-usa-email-computer-icons-mes-email-icon-5ad183021a0de5.2971523315236800021067-768x768.png 768w, https:\/\/psychologue-hypnoeft.fr\/wp-content\/uploads\/2023\/06\/kisspng-amnesty-international-usa-email-computer-icons-mes-email-icon-5ad183021a0de5.2971523315236800021067.png 1200w\" sizes=\"(max-width: 26px) 100vw, 26px\" \/><\/figure><\/div>\n\n\n<p class=\"has-medium-font-size\"><a href=\"mailto:contact@psychologue-hypnoeft.fr\">contact@psychologue-hypnoeft.fr<\/a><\/p>\n<\/div>\n<\/div>\n\n\n\n<div style=\"height:17px\" aria-hidden=\"true\" class=\"wp-block-spacer\"><\/div>\n\n\n\n<hr class=\"wp-block-separator has-alpha-channel-opacity\"\/>\n\n\n\n<h2 class=\"wp-block-heading\">Une question ? <\/h2>\n\n\n<style id=\"wpforms-css-vars-root\">\n\t\t\t\t:root {\n\t\t\t\t\t--wpforms-field-border-radius: 3px;\n--wpforms-field-background-color: #ffffff;\n--wpforms-field-border-color: rgba( 0, 0, 0, 0.25 );\n--wpforms-field-text-color: rgba( 0, 0, 0, 0.7 );\n--wpforms-label-color: rgba( 0, 0, 0, 0.85 );\n--wpforms-label-sublabel-color: rgba( 0, 0, 0, 0.55 );\n--wpforms-label-error-color: #d63637;\n--wpforms-button-border-radius: 3px;\n--wpforms-button-background-color: #066aab;\n--wpforms-button-text-color: #ffffff;\n--wpforms-page-break-color: #066aab;\n--wpforms-field-size-input-height: 43px;\n--wpforms-field-size-input-spacing: 15px;\n--wpforms-field-size-font-size: 16px;\n--wpforms-field-size-line-height: 19px;\n--wpforms-field-size-padding-h: 14px;\n--wpforms-field-size-checkbox-size: 16px;\n--wpforms-field-size-sublabel-spacing: 5px;\n--wpforms-field-size-icon-size: 1;\n--wpforms-label-size-font-size: 16px;\n--wpforms-label-size-line-height: 19px;\n--wpforms-label-size-sublabel-font-size: 14px;\n--wpforms-label-size-sublabel-line-height: 17px;\n--wpforms-button-size-font-size: 17px;\n--wpforms-button-size-height: 41px;\n--wpforms-button-size-padding-h: 15px;\n--wpforms-button-size-margin-top: 10px;\n\n\t\t\t\t}\n\t\t\t<\/style><div class=\"wpforms-container wpforms-container-full wpforms-block wpforms-block-ad8c85c4-2be8-40b0-b55f-cb8662fb9b64 wpforms-render-modern\" id=\"wpforms-91\"><form id=\"wpforms-form-91\" class=\"wpforms-validate wpforms-form wpforms-ajax-form\" data-formid=\"91\" method=\"post\" enctype=\"multipart\/form-data\" action=\"\/index.php?rest_route=%2Fwp%2Fv2%2Fpages%2F33\" data-token=\"51431c6094e8ebef27455ae715628ac8\"><noscript class=\"wpforms-error-noscript\">Veuillez activer JavaScript dans votre navigateur pour remplir ce formulaire.<\/noscript><div class=\"wpforms-hidden\" id=\"wpforms-error-noscript\">Veuillez activer JavaScript dans votre navigateur pour remplir ce formulaire.<\/div><div class=\"wpforms-field-container\"><div id=\"wpforms-91-field_0-container\" class=\"wpforms-field wpforms-field-name\" data-field-id=\"0\"><fieldset><legend class=\"wpforms-field-label\">Nom <span class=\"wpforms-required-label\" aria-hidden=\"true\">*<\/span><\/legend><div class=\"wpforms-field-row wpforms-field-medium\"><div class=\"wpforms-field-row-block wpforms-first wpforms-one-half\"><input type=\"text\" id=\"wpforms-91-field_0\" class=\"wpforms-field-name-first wpforms-field-required\" name=\"wpforms[fields][0][first]\" aria-errormessage=\"wpforms-91-field_0-error\" required><label for=\"wpforms-91-field_0\" class=\"wpforms-field-sublabel after \">Pr\u00e9nom<\/label><\/div><div class=\"wpforms-field-row-block wpforms-one-half\"><input type=\"text\" id=\"wpforms-91-field_0-last\" class=\"wpforms-field-name-last wpforms-field-required\" name=\"wpforms[fields][0][last]\" aria-errormessage=\"wpforms-91-field_0-last-error\" required><label for=\"wpforms-91-field_0-last\" class=\"wpforms-field-sublabel after \">Nom<\/label><\/div><\/div><\/fieldset><\/div><div id=\"wpforms-91-field_1-container\" class=\"wpforms-field wpforms-field-email\" data-field-id=\"1\"><label class=\"wpforms-field-label\" for=\"wpforms-91-field_1\">E-mail <span class=\"wpforms-required-label\" aria-hidden=\"true\">*<\/span><\/label><input type=\"email\" id=\"wpforms-91-field_1\" class=\"wpforms-field-medium wpforms-field-required\" name=\"wpforms[fields][1]\" spellcheck=\"false\" aria-errormessage=\"wpforms-91-field_1-error\" required><\/div><div id=\"wpforms-91-field_2-container\" class=\"wpforms-field wpforms-field-textarea\" data-field-id=\"2\"><label class=\"wpforms-field-label\" for=\"wpforms-91-field_2\">Commentaire ou message<\/label><textarea id=\"wpforms-91-field_2\" class=\"wpforms-field-medium\" name=\"wpforms[fields][2]\" aria-errormessage=\"wpforms-91-field_2-error\" ><\/textarea><\/div><\/div><!-- .wpforms-field-container --><div class=\"wpforms-submit-container\" ><input type=\"hidden\" name=\"wpforms[id]\" value=\"91\"><input type=\"hidden\" name=\"wpforms[author]\" value=\"1\"><button type=\"submit\" name=\"wpforms[submit]\" id=\"wpforms-submit-91\" class=\"wpforms-submit\" data-alt-text=\"Envoi...\" data-submit-text=\"Envoyer\" aria-live=\"assertive\" value=\"wpforms-submit\">Envoyer<\/button><img decoding=\"async\" loading=\"lazy\" src=\"https:\/\/psychologue-hypnoeft.fr\/wp-content\/plugins\/wpforms-lite\/assets\/images\/submit-spin.svg\" class=\"wpforms-submit-spinner\" style=\"display: none;\" width=\"26\" height=\"26\" alt=\"Chargement en cours\"><\/div><\/form><\/div>  <!-- .wpforms-container -->","protected":false},"excerpt":{"rendered":"<p>Acc\u00e8s 37 rue de Kerolay, 56100 Lorient Le cabinet est accessible aux personnes \u00e0 mobilit\u00e9 r\u00e9duite Prendre rendez-vous 07.80.87.60.63. (par t\u00e9l\u00e9phone ou SMS) contact@psychologue-hypnoeft.fr Une question ?<\/p>\n","protected":false},"author":1,"featured_media":0,"parent":0,"menu_order":0,"comment_status":"closed","ping_status":"closed","template":"","meta":[],"yoast_head":"<!-- This site is optimized with the Yoast SEO plugin v20.10 - https:\/\/yoast.com\/wordpress\/plugins\/seo\/ -->\n<title>Contact - Psychologue, Hypnoth\u00e9rapeute et Th\u00e9rapeute \u00e9motionnelle (EFT) - Christelle Morel<\/title>\n<meta name=\"robots\" content=\"index, follow, max-snippet:-1, max-image-preview:large, max-video-preview:-1\" \/>\n<link rel=\"canonical\" href=\"https:\/\/psychologue-hypnoeft.fr\/?page_id=33\" \/>\n<meta property=\"og:locale\" content=\"fr_FR\" \/>\n<meta property=\"og:type\" content=\"article\" \/>\n<meta property=\"og:title\" content=\"Contact - Psychologue, Hypnoth\u00e9rapeute et Th\u00e9rapeute \u00e9motionnelle (EFT) - Christelle Morel\" \/>\n<meta property=\"og:description\" content=\"Acc\u00e8s 37 rue de Kerolay, 56100 Lorient Le cabinet est accessible aux personnes \u00e0 mobilit\u00e9 r\u00e9duite Prendre rendez-vous 07.80.87.60.63. (par t\u00e9l\u00e9phone ou SMS) contact@psychologue-hypnoeft.fr Une question ?\" \/>\n<meta property=\"og:url\" content=\"https:\/\/psychologue-hypnoeft.fr\/?page_id=33\" \/>\n<meta property=\"og:site_name\" content=\"Psychologue, Hypnoth\u00e9rapeute et Th\u00e9rapeute \u00e9motionnelle (EFT) - Christelle Morel\" \/>\n<meta property=\"article:modified_time\" content=\"2023-09-27T07:25:57+00:00\" \/>\n<meta property=\"og:image\" content=\"https:\/\/psychologue-hypnoeft.fr\/wp-content\/uploads\/2023\/06\/kisspng-computer-icons-symbol-encapsulated-postscript-landmarks-5ac04f55b8cf20.562169081522552661757.png\" \/>\n<meta name=\"twitter:card\" content=\"summary_large_image\" \/>\n<meta name=\"twitter:label1\" content=\"Dur\u00e9e de lecture estim\u00e9e\" \/>\n\t<meta name=\"twitter:data1\" content=\"1 minute\" \/>\n<script type=\"application\/ld+json\" class=\"yoast-schema-graph\">{\"@context\":\"https:\/\/schema.org\",\"@graph\":[{\"@type\":\"WebPage\",\"@id\":\"https:\/\/psychologue-hypnoeft.fr\/?page_id=33\",\"url\":\"https:\/\/psychologue-hypnoeft.fr\/?page_id=33\",\"name\":\"Contact - Psychologue, Hypnoth\u00e9rapeute et Th\u00e9rapeute \u00e9motionnelle (EFT) - Christelle Morel\",\"isPartOf\":{\"@id\":\"https:\/\/psychologue-hypnoeft.fr\/#website\"},\"datePublished\":\"2023-06-06T12:58:33+00:00\",\"dateModified\":\"2023-09-27T07:25:57+00:00\",\"breadcrumb\":{\"@id\":\"https:\/\/psychologue-hypnoeft.fr\/?page_id=33#breadcrumb\"},\"inLanguage\":\"fr-FR\",\"potentialAction\":[{\"@type\":\"ReadAction\",\"target\":[\"https:\/\/psychologue-hypnoeft.fr\/?page_id=33\"]}]},{\"@type\":\"BreadcrumbList\",\"@id\":\"https:\/\/psychologue-hypnoeft.fr\/?page_id=33#breadcrumb\",\"itemListElement\":[{\"@type\":\"ListItem\",\"position\":1,\"name\":\"Accueil\",\"item\":\"https:\/\/psychologue-hypnoeft.fr\/\"},{\"@type\":\"ListItem\",\"position\":2,\"name\":\"Contact\"}]},{\"@type\":\"WebSite\",\"@id\":\"https:\/\/psychologue-hypnoeft.fr\/#website\",\"url\":\"https:\/\/psychologue-hypnoeft.fr\/\",\"name\":\"Christelle Morel - Psychologue, Hypnoth\u00e9rapeute et Th\u00e9rapeute \u00e9motionnelle (EFT)\",\"description\":\"\",\"potentialAction\":[{\"@type\":\"SearchAction\",\"target\":{\"@type\":\"EntryPoint\",\"urlTemplate\":\"https:\/\/psychologue-hypnoeft.fr\/?s={search_term_string}\"},\"query-input\":\"required name=search_term_string\"}],\"inLanguage\":\"fr-FR\"}]}<\/script>\n<!-- \/ Yoast SEO plugin. -->","yoast_head_json":{"title":"Contact - Psychologue, Hypnoth\u00e9rapeute et Th\u00e9rapeute \u00e9motionnelle (EFT) - Christelle Morel","robots":{"index":"index","follow":"follow","max-snippet":"max-snippet:-1","max-image-preview":"max-image-preview:large","max-video-preview":"max-video-preview:-1"},"canonical":"https:\/\/psychologue-hypnoeft.fr\/?page_id=33","og_locale":"fr_FR","og_type":"article","og_title":"Contact - Psychologue, Hypnoth\u00e9rapeute et Th\u00e9rapeute \u00e9motionnelle (EFT) - Christelle Morel","og_description":"Acc\u00e8s 37 rue de Kerolay, 56100 Lorient Le cabinet est accessible aux personnes \u00e0 mobilit\u00e9 r\u00e9duite Prendre rendez-vous 07.80.87.60.63. (par t\u00e9l\u00e9phone ou SMS) contact@psychologue-hypnoeft.fr Une question ?","og_url":"https:\/\/psychologue-hypnoeft.fr\/?page_id=33","og_site_name":"Psychologue, Hypnoth\u00e9rapeute et Th\u00e9rapeute \u00e9motionnelle (EFT) - Christelle Morel","article_modified_time":"2023-09-27T07:25:57+00:00","og_image":[{"url":"https:\/\/psychologue-hypnoeft.fr\/wp-content\/uploads\/2023\/06\/kisspng-computer-icons-symbol-encapsulated-postscript-landmarks-5ac04f55b8cf20.562169081522552661757.png"}],"twitter_card":"summary_large_image","twitter_misc":{"Dur\u00e9e de lecture estim\u00e9e":"1 minute"},"schema":{"@context":"https:\/\/schema.org","@graph":[{"@type":"WebPage","@id":"https:\/\/psychologue-hypnoeft.fr\/?page_id=33","url":"https:\/\/psychologue-hypnoeft.fr\/?page_id=33","name":"Contact - Psychologue, Hypnoth\u00e9rapeute et Th\u00e9rapeute \u00e9motionnelle (EFT) - Christelle Morel","isPartOf":{"@id":"https:\/\/psychologue-hypnoeft.fr\/#website"},"datePublished":"2023-06-06T12:58:33+00:00","dateModified":"2023-09-27T07:25:57+00:00","breadcrumb":{"@id":"https:\/\/psychologue-hypnoeft.fr\/?page_id=33#breadcrumb"},"inLanguage":"fr-FR","potentialAction":[{"@type":"ReadAction","target":["https:\/\/psychologue-hypnoeft.fr\/?page_id=33"]}]},{"@type":"BreadcrumbList","@id":"https:\/\/psychologue-hypnoeft.fr\/?page_id=33#breadcrumb","itemListElement":[{"@type":"ListItem","position":1,"name":"Accueil","item":"https:\/\/psychologue-hypnoeft.fr\/"},{"@type":"ListItem","position":2,"name":"Contact"}]},{"@type":"WebSite","@id":"https:\/\/psychologue-hypnoeft.fr\/#website","url":"https:\/\/psychologue-hypnoeft.fr\/","name":"Christelle Morel - Psychologue, Hypnoth\u00e9rapeute et Th\u00e9rapeute \u00e9motionnelle (EFT)","description":"","potentialAction":[{"@type":"SearchAction","target":{"@type":"EntryPoint","urlTemplate":"https:\/\/psychologue-hypnoeft.fr\/?s={search_term_string}"},"query-input":"required name=search_term_string"}],"inLanguage":"fr-FR"}]}},"_links":{"self":[{"href":"https:\/\/psychologue-hypnoeft.fr\/index.php?rest_route=\/wp\/v2\/pages\/33"}],"collection":[{"href":"https:\/\/psychologue-hypnoeft.fr\/index.php?rest_route=\/wp\/v2\/pages"}],"about":[{"href":"https:\/\/psychologue-hypnoeft.fr\/index.php?rest_route=\/wp\/v2\/types\/page"}],"author":[{"embeddable":true,"href":"https:\/\/psychologue-hypnoeft.fr\/index.php?rest_route=\/wp\/v2\/users\/1"}],"replies":[{"embeddable":true,"href":"https:\/\/psychologue-hypnoeft.fr\/index.php?rest_route=%2Fwp%2Fv2%2Fcomments&post=33"}],"version-history":[{"count":59,"href":"https:\/\/psychologue-hypnoeft.fr\/index.php?rest_route=\/wp\/v2\/pages\/33\/revisions"}],"predecessor-version":[{"id":424,"href":"https:\/\/psychologue-hypnoeft.fr\/index.php?rest_route=\/wp\/v2\/pages\/33\/revisions\/424"}],"wp:attachment":[{"href":"https:\/\/psychologue-hypnoeft.fr\/index.php?rest_route=%2Fwp%2Fv2%2Fmedia&parent=33"}],"curies":[{"name":"wp","href":"https:\/\/api.w.org\/{rel}","templated":true}]}}